{"id":391,"date":"2016-04-02T20:56:39","date_gmt":"2016-04-02T20:56:39","guid":{"rendered":"http:\/\/www.trinor.es\/?page_id=391"},"modified":"2016-08-03T11:19:48","modified_gmt":"2016-08-03T11:19:48","slug":"t5220","status":"publish","type":"page","link":"https:\/\/www.trinor.es\/de\/t5000\/t5200\/t5220\/","title":{"rendered":"Herkunftsbezeichnung D.O. Navarra"},"content":{"rendered":"<h2>Gundlegende Daten \u00fcber die D.O. Navarra<\/h2>\n<h3>Die Geographie von Navarra<\/h3>\n<p>Die Herkunftsbezeichnung Navarra befindet sich in der Autonomen Region Navarra, im Norden Spaniens. Sie ist in f\u00fcnf Untergebiete unterteilt:<em> Baja Monta\u00f1a, Tierra Estella, Valdizarbe, Ribera Alta <\/em>und<em> Ribera Baja<\/em>.<\/p>\n<h3>Navarra in Zahlen<\/h3>\n<p>Navarra umfasst eine Weinfl\u00e4che von rund 11.000 Hektar ertragsf\u00e4higen Weinbergen. Die durchschnittliche Jahresproduktion betr\u00e4gt ca. 80 Millionen Kilogramm Trauben, aus denen rund 60 Millionen Liter Wein gekeltert werden.<\/p>\n<h3>Die Weine aus Navarra<\/h3>\n<p>Als eine der \u00e4ltesten Herkunftsbezeichnungen kombiniert Navarra seine traditionellen Rebsorten mit importierten Sorten aus anderen Anbaugebieten, um so eine gro\u00dfe Auswahl an Weinen hervorragender Qualit\u00e4t anbieten zu k\u00f6nnen.<\/p>\n<p>Die bekanntesten Weine aus Navarra sind wahrscheinlich noch immer die Ros\u00e9s, die durch das traditionelle &#8222;Ausbluten&#8220; der Trauben gewonnen werden und sich durch himbeerrote Farbe, fruchtige Aromen und einen unnachahmlichen Geschmack auszeichnen. Dennoch produziert Navarra auch zahlreiche Rotweine und Wei\u00dfweine, die weltweit auf gro\u00dfe Anerkennung sto\u00dfen.<\/p>\n<p>Die Bodegas von Navarra heben sich nicht zuletzt dank ihrer klugen Kombination von traditionellen Rebsorten (z.B. Tempranillo) mit importierten Sorten von den Kellereien anderer Anbaugebiete ab. Ihre Rotweine aus Cabernet Sauvignon und Merlot von hervorragender Komplexit\u00e4t und Qualit\u00e4t stellen nicht nur Weine aus j\u00fcngeren Anbaugebieten in den Schatten, sondern behaupten sich durchaus auch gegen die edlen Gew\u00e4chse aus Weinregionen, die diese Sorten seit mehreren Jahrhunderten anbauen. Es gibt auch eine kleine Produktion von Weinen aus Trauben der Sorte Syrah, die schlichtweg als spektakul\u00e4r bezeichnet werden k\u00f6nnen.<\/p>\n<p>Auch die neuen, im Eichenfass vergorenen Chardonnays lassen das Herz eines jeden Weinfreundes h\u00f6her schlagen. Und schlie\u00dflich sind noch die erstklassigen Muskateller aus Navarra zu erw\u00e4hnen, die sich durch intensiven Wohlgeruch und unglaubliche Komplexit\u00e4t auszeichnen.<\/p>\n<p>Auf unserer Wein-Link-Seite finden Sie zahlreiche Links zu Webseiten von Weinkellereien der Region Navarra sowie weitere interessante Links rund um den Wein.<\/p>\n","protected":false},"excerpt":{"rendered":"<p>Gundlegende Daten \u00fcber die D.O. Navarra Die Geographie von Navarra Die Herkunftsbezeichnung Navarra befindet sich in der Autonomen Region Navarra, im Norden Spaniens. Sie ist in f\u00fcnf Untergebiete unterteilt: Baja Monta\u00f1a, Tierra Estella, Valdizarbe, Ribera Alta und Ribera Baja. Navarra in Zahlen Navarra umfasst eine Weinfl\u00e4che von rund 11.000 Hektar ertragsf\u00e4higen Weinbergen. Die durchschnittliche Jahresproduktion &hellip; <a href=\"https:\/\/www.trinor.es\/de\/t5000\/t5200\/t5220\/\" class=\"more-link\"><span class=\"screen-reader-text\">Herkunftsbezeichnung D.O. Navarra<\/span> weiterlesen <span class=\"meta-nav\">&rarr;<\/span><\/a><\/p>\n","protected":false},"author":1,"featured_media":0,"parent":89,"menu_order":5220,"comment_status":"closed","ping_status":"closed","template":"","meta":{"footnotes":""},"class_list":["post-391","page","type-page","status-publish","hentry"],"_links":{"self":[{"href":"https:\/\/www.trinor.es\/de\/wp-json\/wp\/v2\/pages\/391","targetHints":{"allow":["GET"]}}],"collection":[{"href":"https:\/\/www.trinor.es\/de\/wp-json\/wp\/v2\/pages"}],"about":[{"href":"https:\/\/www.trinor.es\/de\/wp-json\/wp\/v2\/types\/page"}],"author":[{"embeddable":true,"href":"https:\/\/www.trinor.es\/de\/wp-json\/wp\/v2\/users\/1"}],"replies":[{"embeddable":true,"href":"https:\/\/www.trinor.es\/de\/wp-json\/wp\/v2\/comments?post=391"}],"version-history":[{"count":7,"href":"https:\/\/www.trinor.es\/de\/wp-json\/wp\/v2\/pages\/391\/revisions"}],"predecessor-version":[{"id":893,"href":"https:\/\/www.trinor.es\/de\/wp-json\/wp\/v2\/pages\/391\/revisions\/893"}],"up":[{"embeddable":true,"href":"https:\/\/www.trinor.es\/de\/wp-json\/wp\/v2\/pages\/89"}],"wp:attachment":[{"href":"https:\/\/www.trinor.es\/de\/wp-json\/wp\/v2\/media?parent=391"}],"curies":[{"name":"wp","href":"https:\/\/api.w.org\/{rel}","templated":true}]}}