{"id":329,"date":"2016-04-02T09:42:25","date_gmt":"2016-04-02T09:42:25","guid":{"rendered":"http:\/\/www.trinor.es\/?page_id=329"},"modified":"2024-01-14T15:38:12","modified_gmt":"2024-01-14T15:38:12","slug":"5250-offizielle-jahrgangsbeurteilung-in-rioja-und-navarra","status":"publish","type":"page","link":"https:\/\/www.trinor.es\/de\/t5000\/t5200\/5250-offizielle-jahrgangsbeurteilung-in-rioja-und-navarra\/","title":{"rendered":"Offizielle Jahrgangsbeurteilung in Rioja und Navarra"},"content":{"rendered":"<p>Die Kontrollr\u00e4te der D.O.Ca. Rioja und der D.O. Navarra unterziehen eine gro\u00dfe Anzahl Weinproben jedes Jahrgangs strengen Analysen und Verkostungen. Die Ergebnisse dieser Analysen dienen der Festlegung einer Erntebeurteilung des gesamten Herkunftsgebiets, die im Fr\u00fchjahr offiziell bekannt gegeben wird. Auf dieser Seite erhalten Sie Einblick in die offiziellen Jahrgangsbeurteilungen der beiden Regionen.<\/p>\n<p>Allerdings muss ber\u00fccksichtigt werden, dass sich diese Beurteilungen auf das ganze Herkunftsgebiet beziehen und deshalb lediglich als allgemeine Tendenz verstanden werden d\u00fcrfen. Denn es ist durchaus m\u00f6glich, und tats\u00e4chlich auch relativ \u00fcblich, dass wir hervorragende Weine aus Jahrg\u00e4ngen finden k\u00f6nnen, die von der offiziellen Beurteilung als nur mittelm\u00e4\u00dfig bewertet wurden.<\/p>\n<ul>\n<li><a href=\"https:\/\/www.trinor.es\/de\/t5000\/t5200\/5250-offizielle-jahrgangsbeurteilung-in-rioja-und-navarra\/5251-jahrgangsbeurteilung-rioja-und-navarra-2001-heute\/\">Beurteilungen 2001-heute<\/a><\/li>\n<li><a href=\"https:\/\/www.trinor.es\/de\/t5000\/t5200\/5250-offizielle-jahrgangsbeurteilung-in-rioja-und-navarra\/5252-jahrgangsbeurteilung-rioja-1981-2000\/\">Beurteilungen 1981-2000<\/a><\/li>\n<li><a href=\"https:\/\/www.trinor.es\/de\/t5000\/t5200\/5250-offizielle-jahrgangsbeurteilung-in-rioja-und-navarra\/5253-jahrgangsbeurteilung-rioja-1961-1980\/\">Beurteilungen 1961-1980<\/a><\/li>\n<li><a href=\"https:\/\/www.trinor.es\/de\/t5000\/t5200\/5250-offizielle-jahrgangsbeurteilung-in-rioja-und-navarra\/5254-jahrgangsbeurteilung-rioja-1941-1960\/\">Beurteilungen 1941-1960<\/a><\/li>\n<li><a href=\"https:\/\/www.trinor.es\/de\/t5000\/t5200\/5250-offizielle-jahrgangsbeurteilung-in-rioja-und-navarra\/5255-jahrgangsbeurteilung-rioja-1928-1940\/\">Beurteilungen 1928-1940<\/a><\/li>\n<\/ul>\n","protected":false},"excerpt":{"rendered":"<p>Die Kontrollr\u00e4te der D.O.Ca. Rioja und der D.O. Navarra unterziehen eine gro\u00dfe Anzahl Weinproben jedes Jahrgangs strengen Analysen und Verkostungen. Die Ergebnisse dieser Analysen dienen der Festlegung einer Erntebeurteilung des gesamten Herkunftsgebiets, die im Fr\u00fchjahr offiziell bekannt gegeben wird. Auf dieser Seite erhalten Sie Einblick in die offiziellen Jahrgangsbeurteilungen der beiden Regionen. Allerdings muss ber\u00fccksichtigt &hellip; <a href=\"https:\/\/www.trinor.es\/de\/t5000\/t5200\/5250-offizielle-jahrgangsbeurteilung-in-rioja-und-navarra\/\" class=\"more-link\"><span class=\"screen-reader-text\">Offizielle Jahrgangsbeurteilung in Rioja und Navarra<\/span> weiterlesen <span class=\"meta-nav\">&rarr;<\/span><\/a><\/p>\n","protected":false},"author":1,"featured_media":0,"parent":89,"menu_order":5250,"comment_status":"closed","ping_status":"closed","template":"","meta":{"footnotes":""},"class_list":["post-329","page","type-page","status-publish","hentry"],"_links":{"self":[{"href":"https:\/\/www.trinor.es\/de\/wp-json\/wp\/v2\/pages\/329","targetHints":{"allow":["GET"]}}],"collection":[{"href":"https:\/\/www.trinor.es\/de\/wp-json\/wp\/v2\/pages"}],"about":[{"href":"https:\/\/www.trinor.es\/de\/wp-json\/wp\/v2\/types\/page"}],"author":[{"embeddable":true,"href":"https:\/\/www.trinor.es\/de\/wp-json\/wp\/v2\/users\/1"}],"replies":[{"embeddable":true,"href":"https:\/\/www.trinor.es\/de\/wp-json\/wp\/v2\/comments?post=329"}],"version-history":[{"count":6,"href":"https:\/\/www.trinor.es\/de\/wp-json\/wp\/v2\/pages\/329\/revisions"}],"predecessor-version":[{"id":979,"href":"https:\/\/www.trinor.es\/de\/wp-json\/wp\/v2\/pages\/329\/revisions\/979"}],"up":[{"embeddable":true,"href":"https:\/\/www.trinor.es\/de\/wp-json\/wp\/v2\/pages\/89"}],"wp:attachment":[{"href":"https:\/\/www.trinor.es\/de\/wp-json\/wp\/v2\/media?parent=329"}],"curies":[{"name":"wp","href":"https:\/\/api.w.org\/{rel}","templated":true}]}}