{"id":28,"date":"2016-03-01T11:27:32","date_gmt":"2016-03-01T11:27:32","guid":{"rendered":"http:\/\/www.trinor.es\/?page_id=27"},"modified":"2016-05-28T08:32:42","modified_gmt":"2016-05-28T08:32:42","slug":"t2300","status":"publish","type":"page","link":"https:\/\/www.trinor.es\/de\/t2000\/t2300\/","title":{"rendered":"Beglaubigt oder juristisch?"},"content":{"rendered":"<h2>Ben\u00f6tige ich eine beglaubigte oder juristische \u00dcbersetzung?<\/h2>\n<p>Die <strong>juristische \u00dcbersetzung<\/strong> bezieht sich auf die \u00dcbersetzung derjenigen Dokumente, die aufgrund ihres juristischen Inhalts <strong>\u00e4u\u00dferster Pr\u00e4zision bed\u00fcrfen<\/strong>. Deshalb ist auch ihr Preis etwas h\u00f6her als bei den \u00fcbrigen \u00dcbersetzungen.<\/p>\n<p>Die <strong>beglaubigte \u00dcbersetzung<\/strong> bezieht sich auf die \u00dcbersetzung von offiziellen Dokumenten (Scheine, Zertifikate, Urkunden, Diplome usw.), die bei Verwaltungsverfahren ben\u00f6tigt werden. Sie wird ausschlie\u00dflich von <strong>vereidigten \u00dcbersetzern <\/strong>durchgef\u00fchrt, die nach der Pr\u00fcfung der <strong>Originaldokumente<\/strong> deren \u00dcbersetzung mit ihrer Unterschrift und Siegel versehen und damit die Vollst\u00e4ndigkeit und Richtigkeit der Inhaltswiedergabe beglaubigen.<\/p>\n<p>Beglaubigte \u00dcbersetzungen werden <strong>auf dem Postweg<\/strong> oder <strong>per Kurierdienst<\/strong> zugestellt.<\/p>\n","protected":false},"excerpt":{"rendered":"<p>Ben\u00f6tige ich eine beglaubigte oder juristische \u00dcbersetzung? Die juristische \u00dcbersetzung bezieht sich auf die \u00dcbersetzung derjenigen Dokumente, die aufgrund ihres juristischen Inhalts \u00e4u\u00dferster Pr\u00e4zision bed\u00fcrfen. Deshalb ist auch ihr Preis etwas h\u00f6her als bei den \u00fcbrigen \u00dcbersetzungen. Die beglaubigte \u00dcbersetzung bezieht sich auf die \u00dcbersetzung von offiziellen Dokumenten (Scheine, Zertifikate, Urkunden, Diplome usw.), die bei &hellip; <a href=\"https:\/\/www.trinor.es\/de\/t2000\/t2300\/\" class=\"more-link\"><span class=\"screen-reader-text\">Beglaubigt oder juristisch?<\/span> weiterlesen <span class=\"meta-nav\">&rarr;<\/span><\/a><\/p>\n","protected":false},"author":1,"featured_media":0,"parent":22,"menu_order":2300,"comment_status":"closed","ping_status":"closed","template":"","meta":{"footnotes":""},"class_list":["post-28","page","type-page","status-publish","hentry"],"_links":{"self":[{"href":"https:\/\/www.trinor.es\/de\/wp-json\/wp\/v2\/pages\/28","targetHints":{"allow":["GET"]}}],"collection":[{"href":"https:\/\/www.trinor.es\/de\/wp-json\/wp\/v2\/pages"}],"about":[{"href":"https:\/\/www.trinor.es\/de\/wp-json\/wp\/v2\/types\/page"}],"author":[{"embeddable":true,"href":"https:\/\/www.trinor.es\/de\/wp-json\/wp\/v2\/users\/1"}],"replies":[{"embeddable":true,"href":"https:\/\/www.trinor.es\/de\/wp-json\/wp\/v2\/comments?post=28"}],"version-history":[{"count":3,"href":"https:\/\/www.trinor.es\/de\/wp-json\/wp\/v2\/pages\/28\/revisions"}],"predecessor-version":[{"id":817,"href":"https:\/\/www.trinor.es\/de\/wp-json\/wp\/v2\/pages\/28\/revisions\/817"}],"up":[{"embeddable":true,"href":"https:\/\/www.trinor.es\/de\/wp-json\/wp\/v2\/pages\/22"}],"wp:attachment":[{"href":"https:\/\/www.trinor.es\/de\/wp-json\/wp\/v2\/media?parent=28"}],"curies":[{"name":"wp","href":"https:\/\/api.w.org\/{rel}","templated":true}]}}