{"id":155,"date":"2016-03-06T20:56:34","date_gmt":"2016-03-06T20:56:34","guid":{"rendered":"http:\/\/www.trinor.es\/?page_id=155"},"modified":"2016-07-14T09:49:18","modified_gmt":"2016-07-14T09:49:18","slug":"t3410","status":"publish","type":"page","link":"https:\/\/www.trinor.es\/de\/t3000\/t3400\/t3410\/","title":{"rendered":"Kongresse"},"content":{"rendered":"<h2>Ich organisiere einen Kongress mit Vortr\u00e4gen in mehr als einer Sprache und ben\u00f6tige Dolmetscher<\/h2>\n<h3>Optimaler Dolmetscherdienst<\/h3>\n<p><a href=\"http:\/\/www.trinor.es\/de\/t3000\/t3200\/t3210\/\">Simultandolmetscher<\/a> in <a href=\"http:\/\/www.trinor.es\/de\/t3000\/t3300\/t3310\/t3311\/\">Kabine<\/a><\/p>\n<h3>Worin besteht der Dienst?<\/h3>\n<p>Die Dolmetscher, die sich in einer schallisolierten Kabine mit guter Sicht auf den Saal befinden, \u00fcbersetzen die Worte des Sprechers beinahe zeitgleich, so dass diese vom Publikum \u00fcber Kopfh\u00f6rer in die jeweilige Sprache \u00fcbersetzt geh\u00f6rt werden k\u00f6nnen.<\/p>\n<h3>Was ben\u00f6tige ich?<\/h3>\n<p><strong><b>Infrastruktur:<\/b><\/strong> Wenn der Veranstaltungsort nicht entsprechend ausger\u00fcstet ist, muss eine Dolmetscherkabine pro Sprache installiert werden, Lautsprecheranlage des Saals und Kopfh\u00f6rer.<\/p>\n<p><strong><b>Dolmetscher:<\/b><\/strong> Zwei Dolmetscher pro Sprache.<\/p>\n<h3>Und was ben\u00f6tigen die Dolmetscher?<\/h3>\n<p>Das Veranstaltungsprogramm, um Unterlagen sammeln und die Terminologie vorbereiten zu k\u00f6nnen.<\/p>\n<p>M\u00f6glichst fr\u00fchzeitig das Material, das man an der Veranstaltung zeigen oder benutzen wird sowie die eventuellen neuen Fassungen vor Veranstaltungsbeginn.<\/p>\n<p>Wenn der Sprecher einen Text vorlesen wird, sei dies auch nur ein Zitat, so wird empfohlen, den Dolmetschern davon eine Kopie auszuh\u00e4ndigen.<\/p>\n","protected":false},"excerpt":{"rendered":"<p>Ich organisiere einen Kongress mit Vortr\u00e4gen in mehr als einer Sprache und ben\u00f6tige Dolmetscher Optimaler Dolmetscherdienst Simultandolmetscher in Kabine Worin besteht der Dienst? Die Dolmetscher, die sich in einer schallisolierten Kabine mit guter Sicht auf den Saal befinden, \u00fcbersetzen die Worte des Sprechers beinahe zeitgleich, so dass diese vom Publikum \u00fcber Kopfh\u00f6rer in die jeweilige &hellip; <a href=\"https:\/\/www.trinor.es\/de\/t3000\/t3400\/t3410\/\" class=\"more-link\"><span class=\"screen-reader-text\">Kongresse<\/span> weiterlesen <span class=\"meta-nav\">&rarr;<\/span><\/a><\/p>\n","protected":false},"author":1,"featured_media":0,"parent":153,"menu_order":3410,"comment_status":"closed","ping_status":"closed","template":"","meta":{"footnotes":""},"class_list":["post-155","page","type-page","status-publish","hentry"],"_links":{"self":[{"href":"https:\/\/www.trinor.es\/de\/wp-json\/wp\/v2\/pages\/155","targetHints":{"allow":["GET"]}}],"collection":[{"href":"https:\/\/www.trinor.es\/de\/wp-json\/wp\/v2\/pages"}],"about":[{"href":"https:\/\/www.trinor.es\/de\/wp-json\/wp\/v2\/types\/page"}],"author":[{"embeddable":true,"href":"https:\/\/www.trinor.es\/de\/wp-json\/wp\/v2\/users\/1"}],"replies":[{"embeddable":true,"href":"https:\/\/www.trinor.es\/de\/wp-json\/wp\/v2\/comments?post=155"}],"version-history":[{"count":3,"href":"https:\/\/www.trinor.es\/de\/wp-json\/wp\/v2\/pages\/155\/revisions"}],"predecessor-version":[{"id":857,"href":"https:\/\/www.trinor.es\/de\/wp-json\/wp\/v2\/pages\/155\/revisions\/857"}],"up":[{"embeddable":true,"href":"https:\/\/www.trinor.es\/de\/wp-json\/wp\/v2\/pages\/153"}],"wp:attachment":[{"href":"https:\/\/www.trinor.es\/de\/wp-json\/wp\/v2\/media?parent=155"}],"curies":[{"name":"wp","href":"https:\/\/api.w.org\/{rel}","templated":true}]}}