{"id":150,"date":"2016-03-06T20:53:20","date_gmt":"2016-03-06T20:53:20","guid":{"rendered":"http:\/\/www.trinor.es\/?page_id=150"},"modified":"2016-05-28T11:06:51","modified_gmt":"2016-05-28T11:06:51","slug":"t3312","status":"publish","type":"page","link":"https:\/\/www.trinor.es\/de\/t3000\/t3300\/t3310\/t3312\/","title":{"rendered":"Mobile Dolmetscherausstattungen"},"content":{"rendered":"<h2>Mobile Dolmetscherausstattungen f\u00fcr <a href=\"http:\/\/www.trinor.es\/de\/t3000\/t3200\/t3210\/\">simultanes Dolmetschen<\/a><\/h2>\n<p>Sie werden benutzt, wenn sich die Teilnehmer <strong><b>zwischen verschiedenen Orten<\/b><\/strong> bewegen. Sie k\u00f6nnen auch in einem Saal benutzt werden, sind jedoch in Abh\u00e4ngigkeit der Teilnehmerzahl und der Veranstaltungsdauer nur bergrenzt einsetzbar. Gerne sind wir bereit, Sie \u00fcber die beste Option zu beraten.<\/p>\n<h3>Funkmikrofon-Systeme<\/h3>\n<p><img loading=\"lazy\" decoding=\"async\" class=\"size-thumbnail wp-image-304 aligncenter\" src=\"http:\/\/www.trinor.es\/de\/wp-content\/uploads\/sites\/4\/2016\/04\/3312-a-Senheiser-microphono-150x150.jpg\" alt=\"3312 a Senheiser microphono\" width=\"150\" height=\"150\" srcset=\"https:\/\/www.trinor.es\/de\/wp-content\/uploads\/sites\/4\/2016\/04\/3312-a-Senheiser-microphono-150x150.jpg 150w, https:\/\/www.trinor.es\/de\/wp-content\/uploads\/sites\/4\/2016\/04\/3312-a-Senheiser-microphono.jpg 300w\" sizes=\"auto, (max-width: 150px) 100vw, 150px\" \/><\/p>\n<p>Es handelt sich um Kopfb\u00fcgel-, Ansteck- oder Handmikrofone mit integriertem Sender zur Signalausgabe.<\/p>\n<p>&nbsp;<\/p>\n<h3>Kopfh\u00f6rer-Empfanssysteme<\/h3>\n<p><img loading=\"lazy\" decoding=\"async\" class=\"size-thumbnail wp-image-305 aligncenter\" src=\"http:\/\/www.trinor.es\/de\/wp-content\/uploads\/sites\/4\/2016\/04\/3312-bSenheiser-receptor-150x150.jpg\" alt=\"3312 bSenheiser receptor\" width=\"150\" height=\"150\" srcset=\"https:\/\/www.trinor.es\/de\/wp-content\/uploads\/sites\/4\/2016\/04\/3312-bSenheiser-receptor-150x150.jpg 150w, https:\/\/www.trinor.es\/de\/wp-content\/uploads\/sites\/4\/2016\/04\/3312-bSenheiser-receptor.jpg 155w\" sizes=\"auto, (max-width: 150px) 100vw, 150px\" \/><\/p>\n<p>Es handelt sich um Kopfh\u00f6rer mit integriertem Empf\u00e4nger f\u00fcr das vom Funkmikrofon abgegebene Signal.<\/p>\n<p>Bei <strong><b>Besichtigungen von Betrieben und Anlagen <\/b><\/strong>bieten diese Ger\u00e4te <strong><b>gro\u00dfe Vorteile<\/b><\/strong> im Vergleich zu Besichtigungen mit rein m\u00fcndlicher \u00dcbersetzung:<\/p>\n<ul>\n<li>Die Besucher m\u00fcssen sich nicht immer in unmittelbarer N\u00e4he des Dolmetschers (oder Guides) aufhalten. Sie k\u00f6nnen zur\u00fcckbleiben, sich frei bewegen und \u201eherumschn\u00fcffeln\u201c, ohne auch nur ein einziges Wort des Dolmetschers zu verpassen.<\/li>\n<li>Die Dolmetscher (Guides) k\u00f6nnen ihre Stimme schonen.<\/li>\n<li>Die Kopfh\u00f6rer der G\u00e4ste bieten einen gewissen Schallschutz gegen Umgebungsl\u00e4rm.<\/li>\n<\/ul>\n","protected":false},"excerpt":{"rendered":"<p>Mobile Dolmetscherausstattungen f\u00fcr simultanes Dolmetschen Sie werden benutzt, wenn sich die Teilnehmer zwischen verschiedenen Orten bewegen. Sie k\u00f6nnen auch in einem Saal benutzt werden, sind jedoch in Abh\u00e4ngigkeit der Teilnehmerzahl und der Veranstaltungsdauer nur bergrenzt einsetzbar. Gerne sind wir bereit, Sie \u00fcber die beste Option zu beraten. Funkmikrofon-Systeme Es handelt sich um Kopfb\u00fcgel-, Ansteck- oder &hellip; <a href=\"https:\/\/www.trinor.es\/de\/t3000\/t3300\/t3310\/t3312\/\" class=\"more-link\"><span class=\"screen-reader-text\">Mobile Dolmetscherausstattungen<\/span> weiterlesen <span class=\"meta-nav\">&rarr;<\/span><\/a><\/p>\n","protected":false},"author":1,"featured_media":0,"parent":146,"menu_order":3312,"comment_status":"closed","ping_status":"closed","template":"","meta":{"footnotes":""},"class_list":["post-150","page","type-page","status-publish","hentry"],"_links":{"self":[{"href":"https:\/\/www.trinor.es\/de\/wp-json\/wp\/v2\/pages\/150","targetHints":{"allow":["GET"]}}],"collection":[{"href":"https:\/\/www.trinor.es\/de\/wp-json\/wp\/v2\/pages"}],"about":[{"href":"https:\/\/www.trinor.es\/de\/wp-json\/wp\/v2\/types\/page"}],"author":[{"embeddable":true,"href":"https:\/\/www.trinor.es\/de\/wp-json\/wp\/v2\/users\/1"}],"replies":[{"embeddable":true,"href":"https:\/\/www.trinor.es\/de\/wp-json\/wp\/v2\/comments?post=150"}],"version-history":[{"count":3,"href":"https:\/\/www.trinor.es\/de\/wp-json\/wp\/v2\/pages\/150\/revisions"}],"predecessor-version":[{"id":849,"href":"https:\/\/www.trinor.es\/de\/wp-json\/wp\/v2\/pages\/150\/revisions\/849"}],"up":[{"embeddable":true,"href":"https:\/\/www.trinor.es\/de\/wp-json\/wp\/v2\/pages\/146"}],"wp:attachment":[{"href":"https:\/\/www.trinor.es\/de\/wp-json\/wp\/v2\/media?parent=150"}],"curies":[{"name":"wp","href":"https:\/\/api.w.org\/{rel}","templated":true}]}}